{"id":868,"date":"2024-11-03T22:59:36","date_gmt":"2024-11-03T14:59:36","guid":{"rendered":"https:\/\/imotors.cc\/?post_type=product&#038;p=868"},"modified":"2024-11-03T23:00:35","modified_gmt":"2024-11-03T15:00:35","slug":"semi-windshielded-heavy-duty-tricycle","status":"publish","type":"product","link":"https:\/\/imotors.cc\/pt\/produto\/semi-windshielded-heavy-duty-tricycle\/","title":{"rendered":"Triciclo pesado semi-enrolados"},"content":{"rendered":"<table id=\"tablepress-35\" class=\"tablepress tablepress-id-35\">\n<thead>\n<tr class=\"row-1\">\n\t<th class=\"column-1\">Par\u00e2metros de refer\u00eancia<\/th><td class=\"column-2\"><\/td><td class=\"column-3\"><\/td><td class=\"column-4\"><\/td>\n<\/tr>\n<\/thead>\n<tbody class=\"row-striping row-hover\">\n<tr class=\"row-2\">\n\t<td class=\"column-1\">Quadro<\/td><td class=\"column-2\">Quadro grande integrado<\/td><td class=\"column-3\">Medi\u00e7\u00f5es<\/td><td class=\"column-4\">2900*1580*1500mm<\/td>\n<\/tr>\n<tr class=\"row-3\">\n\t<td class=\"column-1\">Cargo compartment size<\/td><td class=\"column-2\">2500*1500*360mm<\/td><td class=\"column-3\">Max.Velocidade<\/td><td class=\"column-4\">35km\/h<\/td>\n<\/tr>\n<tr class=\"row-4\">\n\t<td class=\"column-1\">Dist\u00e2ncia do eixo<\/td><td class=\"column-2\">2300mm<\/td><td class=\"column-3\">Dist\u00e2ncia de frenagem<\/td><td class=\"column-4\"><3.5m<\/td>\n<\/tr>\n<tr class=\"row-5\">\n\t<td class=\"column-1\">Dist\u00e2ncia entre eixos<\/td><td class=\"column-2\">1160mm<\/td><td class=\"column-3\">Energia do motor el\u00e9trico<\/td><td class=\"column-4\">72V\/3000W Switching magnetoresistance<\/td>\n<\/tr>\n<tr class=\"row-6\">\n\t<td class=\"column-1\">Modo de frenagem<\/td><td class=\"column-2\">Tambor hidr\u00e1ulico<\/td><td class=\"column-3\">Peso do meio -fio<\/td><td class=\"column-4\">726kgs<\/td>\n<\/tr>\n<tr class=\"row-7\">\n\t<td class=\"column-1\">Capacidade de carga<\/td><td class=\"column-2\">2000kgs<\/td><td class=\"column-3\">Assy dos pneus.<\/td><td class=\"column-4\">FR RR  5.0-12<\/td>\n<\/tr>\n<tr class=\"row-8\">\n\t<td class=\"column-1\">Faixa<\/td><td class=\"column-2\">\u226560kms<\/td><td class=\"column-3\">Bateria<\/td><td class=\"column-4\">120Ah*6<\/td>\n<\/tr>\n<tr class=\"row-9\">\n\t<td class=\"column-1\">Modo de mudan\u00e7a<\/td><td class=\"column-2\">Alta e baixa marcha<\/td><td class=\"column-3\">Suspens\u00e3o<\/td><td class=\"column-4\">Hidr\u00e1ulico frontal mais mola externa, mola da folha traseira<\/td>\n<\/tr>\n<\/tbody>\n<\/table>\n<!-- #tablepress-35 from cache -->","protected":false},"excerpt":{"rendered":"<p>ve\u00edculos el\u00e9tricos, ve\u00edculos de quatro rodas, caminh\u00e3o el\u00e9trico, ve\u00edculos especiais<\/p>","protected":false},"featured_media":869,"template":"","meta":{"nf_dc_page":"","_kadence_starter_templates_imported_post":false,"_kad_post_transparent":"default","_kad_post_title":"","_kad_post_layout":"default","_kad_post_sidebar_id":"","_kad_post_content_style":"default","_kad_post_vertical_padding":"default","_kad_post_feature":"","_kad_post_feature_position":"","_kad_post_header":false,"_kad_post_footer":false,"_kad_post_classname":""},"product_brand":[],"product_cat":[85],"product_tag":[33,73,74,80],"class_list":{"0":"post-868","1":"product","2":"type-product","3":"status-publish","4":"has-post-thumbnail","6":"product_cat-special-tricycle","7":"product_tag-electric-truck","8":"product_tag-electric-vehicles","9":"product_tag-four-wheeled-vehicles","10":"product_tag-special-vehicle","12":"first","13":"instock","14":"shipping-taxable","15":"product-type-simple","16":"entry","17":"content-bg","18":"loop-entry"},"_links":{"self":[{"href":"https:\/\/imotors.cc\/pt\/wp-json\/wp\/v2\/product\/868","targetHints":{"allow":["GET"]}}],"collection":[{"href":"https:\/\/imotors.cc\/pt\/wp-json\/wp\/v2\/product"}],"about":[{"href":"https:\/\/imotors.cc\/pt\/wp-json\/wp\/v2\/types\/product"}],"wp:featuredmedia":[{"embeddable":true,"href":"https:\/\/imotors.cc\/pt\/wp-json\/wp\/v2\/media\/869"}],"wp:attachment":[{"href":"https:\/\/imotors.cc\/pt\/wp-json\/wp\/v2\/media?parent=868"}],"wp:term":[{"taxonomy":"product_brand","embeddable":true,"href":"https:\/\/imotors.cc\/pt\/wp-json\/wp\/v2\/product_brand?post=868"},{"taxonomy":"product_cat","embeddable":true,"href":"https:\/\/imotors.cc\/pt\/wp-json\/wp\/v2\/product_cat?post=868"},{"taxonomy":"product_tag","embeddable":true,"href":"https:\/\/imotors.cc\/pt\/wp-json\/wp\/v2\/product_tag?post=868"}],"curies":[{"name":"wp","href":"https:\/\/api.w.org\/{rel}","templated":true}]}}