{"id":846,"date":"2024-11-03T21:53:09","date_gmt":"2024-11-03T13:53:09","guid":{"rendered":"https:\/\/imotors.cc\/?post_type=product&#038;p=846"},"modified":"2024-11-16T20:44:38","modified_gmt":"2024-11-16T12:44:38","slug":"courier-vehicle","status":"publish","type":"product","link":"https:\/\/imotors.cc\/pt\/produto\/courier-vehicle\/","title":{"rendered":"Ve\u00edculo de correio"},"content":{"rendered":"<div>Instru\u00e7\u00f5es:<\/div>\n<div><\/div>\n<div>(1) Antes de andar, verifique se a caixa da bateria est\u00e1 bloqueada e se as luzes no painel de exibi\u00e7\u00e3o s\u00e3o normais.<\/div>\n<div><\/div>\n<div>(2) Ao dirigir em uma estrada inundada em dias chuvosos, dirija normalmente se a profundidade da \u00e1gua n\u00e3o exceder o centro da roda el\u00e9trica. Se a profundidade da \u00e1gua na estrada exceder o centro da roda el\u00e9trica, a roda el\u00e9trica poder\u00e1 infiltrar a \u00e1gua e causar mau funcionamento.<\/div>\n<div><\/div>\n<div>(3) O ve\u00edculo inteiro n\u00e3o deve ser colocado em locais com ar \u00famido, alta temperatura e gases corrosivos para evitar a corros\u00e3o qu\u00edmica na superf\u00edcie de tinta eletroplatada das partes met\u00e1licas.<\/div>\n<div><\/div>\n<div>(4) O ve\u00edculo inteiro deve ser mantido longe da exposi\u00e7\u00e3o a longo prazo ao sol e \u00e0 chuva para evitar danos aos componentes do controlador, causando falha de opera\u00e7\u00e3o e acidentes.<\/div>\n<div><\/div>\n<div>(5) A estrutura da parte de controle el\u00e9trico \u00e9 complexa e os usu\u00e1rios n\u00e3o devem desmontar ou repar\u00e1 -la sem autoriza\u00e7\u00e3o. Se a tens\u00e3o de carregamento local for inst\u00e1vel, \u00e9 prov\u00e1vel que o fus\u00edvel do carregador exploda. Recomenda -se usar um estabilizador de tens\u00e3o CA.<\/div>\n<div><\/div>\n<div>(6) N\u00e3o sobrecarregue ao andar e n\u00e3o coloque objetos pesados \u200b\u200bou carregue pessoas para evitar danos \u00e0 bateria e ao motor.<\/div>\n<div><\/div>","protected":false},"excerpt":{"rendered":"<p>courier vehicle<\/p>","protected":false},"featured_media":847,"template":"","meta":{"nf_dc_page":"","_kadence_starter_templates_imported_post":false,"_kad_post_transparent":"default","_kad_post_title":"","_kad_post_layout":"default","_kad_post_sidebar_id":"","_kad_post_content_style":"default","_kad_post_vertical_padding":"default","_kad_post_feature":"","_kad_post_feature_position":"","_kad_post_header":false,"_kad_post_footer":false,"_kad_post_classname":""},"product_brand":[],"product_cat":[72],"product_tag":[33,73,74,83,80],"class_list":{"0":"post-846","1":"product","2":"type-product","3":"status-publish","4":"has-post-thumbnail","6":"product_cat-special-vehicles","7":"product_tag-electric-truck","8":"product_tag-electric-vehicles","9":"product_tag-four-wheeled-vehicles","10":"product_tag-postal-vehicle","11":"product_tag-special-vehicle","13":"first","14":"instock","15":"shipping-taxable","16":"product-type-simple","17":"entry","18":"content-bg","19":"loop-entry"},"_links":{"self":[{"href":"https:\/\/imotors.cc\/pt\/wp-json\/wp\/v2\/product\/846","targetHints":{"allow":["GET"]}}],"collection":[{"href":"https:\/\/imotors.cc\/pt\/wp-json\/wp\/v2\/product"}],"about":[{"href":"https:\/\/imotors.cc\/pt\/wp-json\/wp\/v2\/types\/product"}],"wp:featuredmedia":[{"embeddable":true,"href":"https:\/\/imotors.cc\/pt\/wp-json\/wp\/v2\/media\/847"}],"wp:attachment":[{"href":"https:\/\/imotors.cc\/pt\/wp-json\/wp\/v2\/media?parent=846"}],"wp:term":[{"taxonomy":"product_brand","embeddable":true,"href":"https:\/\/imotors.cc\/pt\/wp-json\/wp\/v2\/product_brand?post=846"},{"taxonomy":"product_cat","embeddable":true,"href":"https:\/\/imotors.cc\/pt\/wp-json\/wp\/v2\/product_cat?post=846"},{"taxonomy":"product_tag","embeddable":true,"href":"https:\/\/imotors.cc\/pt\/wp-json\/wp\/v2\/product_tag?post=846"}],"curies":[{"name":"wp","href":"https:\/\/api.w.org\/{rel}","templated":true}]}}