{"id":797,"date":"2024-11-03T18:56:50","date_gmt":"2024-11-03T10:56:50","guid":{"rendered":"https:\/\/imotors.cc\/?post_type=product&#038;p=797"},"modified":"2024-11-16T22:03:22","modified_gmt":"2024-11-16T14:03:22","slug":"h7-electric-car","status":"publish","type":"product","link":"https:\/\/imotors.cc\/pt\/produto\/h7-electric-car\/","title":{"rendered":"H7 Carro el\u00e9trico"},"content":{"rendered":"<table id=\"tablepress-21\" class=\"tablepress tablepress-id-21\">\n<thead>\n<tr class=\"row-1\">\n\t<th class=\"column-1\">Par\u00e2metros de refer\u00eancia<\/th><td class=\"column-2\"><\/td><td class=\"column-3\"><\/td><td class=\"column-4\"><\/td>\n<\/tr>\n<\/thead>\n<tbody class=\"row-striping row-hover\">\n<tr class=\"row-2\">\n\t<td class=\"column-1\">Tipo de cabina<\/td><td class=\"column-2\">Duas portas e tr\u00eas assentos<\/td><td class=\"column-3\">Medi\u00e7\u00f5es<\/td><td class=\"column-4\">2460*1270*1650mm<\/td>\n<\/tr>\n<tr class=\"row-3\">\n\t<td class=\"column-1\">Al\u00e7a de dire\u00e7\u00e3o<\/td><td class=\"column-2\">Centro<\/td><td class=\"column-3\">Max.Velocidade<\/td><td class=\"column-4\">35km\/h<\/td>\n<\/tr>\n<tr class=\"row-4\">\n\t<td class=\"column-1\">N\u00famero de passageiros<\/td><td class=\"column-2\">3<\/td><td class=\"column-3\">Faixa<\/td><td class=\"column-4\">>120kms(60V71Ah)<\/td>\n<\/tr>\n<tr class=\"row-5\">\n\t<td class=\"column-1\">Dist\u00e2ncia entre eixos<\/td><td class=\"column-2\">1125\/1110mm<\/td><td class=\"column-3\">Energia do motor el\u00e9trico<\/td><td class=\"column-4\">60V\/1000W BLDC(Sine Wave)<\/td>\n<\/tr>\n<tr class=\"row-6\">\n\t<td class=\"column-1\">Modo de frenagem<\/td><td class=\"column-2\">Disco traseiro<\/td><td class=\"column-3\">Peso do meio -fio<\/td><td class=\"column-4\">400kgs<\/td>\n<\/tr>\n<tr class=\"row-7\">\n\t<td class=\"column-1\">Min.Pleth Appletion<\/td><td class=\"column-2\">140mm<\/td><td class=\"column-3\">Assy dos pneus.<\/td><td class=\"column-4\">4.0-10 Tubeless,aluminum wheel<\/td>\n<\/tr>\n<tr class=\"row-8\">\n\t<td class=\"column-1\">Capacidade de carga<\/td><td class=\"column-2\">300kgs<\/td><td class=\"column-3\">Suspens\u00e3o<\/td><td class=\"column-4\">Traje de tor\u00e7\u00e3o do bra\u00e7o de arco<\/td>\n<\/tr>\n<tr class=\"row-9\">\n\t<td class=\"column-1\">Girando raio e dist\u00e2ncia do freio<\/td><td class=\"column-2\"><5m<\/td><td class=\"column-3\">Gradua\u00e7\u00e3o<\/td><td class=\"column-4\"><20%<\/td>\n<\/tr>\n<tr class=\"row-10\">\n\t<td class=\"column-1\">Configura\u00e7\u00f5es<\/td><td class=\"column-2\">Eixo traseiro integrado de mudan\u00e7a de engrenagem, teto solar com ventilador, sistema de aquecimento, espelho interior, viseira solar<\/td><td class=\"column-3\"><\/td><td class=\"column-4\"><\/td>\n<\/tr>\n<\/tbody>\n<\/table>\n<!-- #tablepress-21 from cache -->","protected":false},"excerpt":{"rendered":"<p>carro el\u00e9trico<\/p>","protected":false},"featured_media":1263,"template":"","meta":{"nf_dc_page":"","_kadence_starter_templates_imported_post":false,"_kad_post_transparent":"default","_kad_post_title":"","_kad_post_layout":"default","_kad_post_sidebar_id":"","_kad_post_content_style":"default","_kad_post_vertical_padding":"default","_kad_post_feature":"","_kad_post_feature_position":"","_kad_post_header":false,"_kad_post_footer":false,"_kad_post_classname":""},"product_brand":[],"product_cat":[70],"product_tag":[71,29],"class_list":{"0":"post-797","1":"product","2":"type-product","3":"status-publish","4":"has-post-thumbnail","6":"product_cat-electric-car","7":"product_tag-car","8":"product_tag-electric-car","10":"first","11":"instock","12":"shipping-taxable","13":"product-type-simple","14":"entry","15":"content-bg","16":"loop-entry"},"_links":{"self":[{"href":"https:\/\/imotors.cc\/pt\/wp-json\/wp\/v2\/product\/797","targetHints":{"allow":["GET"]}}],"collection":[{"href":"https:\/\/imotors.cc\/pt\/wp-json\/wp\/v2\/product"}],"about":[{"href":"https:\/\/imotors.cc\/pt\/wp-json\/wp\/v2\/types\/product"}],"wp:featuredmedia":[{"embeddable":true,"href":"https:\/\/imotors.cc\/pt\/wp-json\/wp\/v2\/media\/1263"}],"wp:attachment":[{"href":"https:\/\/imotors.cc\/pt\/wp-json\/wp\/v2\/media?parent=797"}],"wp:term":[{"taxonomy":"product_brand","embeddable":true,"href":"https:\/\/imotors.cc\/pt\/wp-json\/wp\/v2\/product_brand?post=797"},{"taxonomy":"product_cat","embeddable":true,"href":"https:\/\/imotors.cc\/pt\/wp-json\/wp\/v2\/product_cat?post=797"},{"taxonomy":"product_tag","embeddable":true,"href":"https:\/\/imotors.cc\/pt\/wp-json\/wp\/v2\/product_tag?post=797"}],"curies":[{"name":"wp","href":"https:\/\/api.w.org\/{rel}","templated":true}]}}