{"id":746,"date":"2024-11-03T11:45:54","date_gmt":"2024-11-03T03:45:54","guid":{"rendered":"https:\/\/imotors.cc\/?post_type=product&#038;p=746"},"modified":"2024-11-16T23:04:13","modified_gmt":"2024-11-16T15:04:13","slug":"micro-heavy-f","status":"publish","type":"product","link":"https:\/\/imotors.cc\/pt\/produto\/micro-heavy-f\/","title":{"rendered":"Micro pesado -F"},"content":{"rendered":"<div>Instru\u00e7\u00f5es:<\/div>\n<div><\/div>\n<div>(1) Antes de andar, verifique se a caixa da bateria est\u00e1 bloqueada e se as luzes no painel de exibi\u00e7\u00e3o s\u00e3o normais.<\/div>\n<div><\/div>\n<div>(2) Ao dirigir em uma estrada inundada em dias chuvosos, dirija normalmente se a profundidade da \u00e1gua n\u00e3o exceder o centro da roda el\u00e9trica. Se a profundidade da \u00e1gua na estrada exceder o centro da roda el\u00e9trica, a roda el\u00e9trica poder\u00e1 infiltrar a \u00e1gua e causar mau funcionamento.<\/div>\n<div><\/div>\n<div>(3) O ve\u00edculo inteiro n\u00e3o deve ser colocado em locais com ar \u00famido, alta temperatura e gases corrosivos para evitar a corros\u00e3o qu\u00edmica na superf\u00edcie de tinta eletroplatada das partes met\u00e1licas.<\/div>\n<div><\/div>\n<div>(4) O ve\u00edculo inteiro deve ser mantido longe da exposi\u00e7\u00e3o a longo prazo ao sol e \u00e0 chuva para evitar danos aos componentes do controlador, causando falha de opera\u00e7\u00e3o e acidentes.<\/div>\n<div><\/div>\n<div>(5) A estrutura da parte de controle el\u00e9trico \u00e9 complexa e os usu\u00e1rios n\u00e3o devem desmontar ou repar\u00e1 -la sem autoriza\u00e7\u00e3o. Se a tens\u00e3o de carregamento local for inst\u00e1vel, \u00e9 prov\u00e1vel que o fus\u00edvel do carregador exploda. Recomenda -se usar um estabilizador de tens\u00e3o CA.<\/div>\n<div><\/div>\n<div>(6) N\u00e3o sobrecarregue ao andar e n\u00e3o coloque objetos pesados \u200b\u200bou carregue pessoas para evitar danos \u00e0 bateria e ao motor.<\/div>\n\n<table id=\"tablepress-8\" class=\"tablepress tablepress-id-8\">\n<thead>\n<tr class=\"row-1\">\n\t<th class=\"column-1\">Par\u00e2metros de refer\u00eancia<\/th><td class=\"column-2\"><\/td><td class=\"column-3\"><\/td><td class=\"column-4\"><\/td>\n<\/tr>\n<\/thead>\n<tbody class=\"row-striping row-hover\">\n<tr class=\"row-2\">\n\t<td class=\"column-1\">Medi\u00e7\u00f5es<\/td><td class=\"column-2\">1800*1200mm<\/td><td class=\"column-3\">Tipo de motor el\u00e9trico<\/td><td class=\"column-4\">60V\/1200W Alta e baixa velocidade<\/td>\n<\/tr>\n<tr class=\"row-3\">\n\t<td class=\"column-1\">Controlador<\/td><td class=\"column-2\">24 Tube<\/td><td class=\"column-3\">Tipo de Bateria<\/td><td class=\"column-4\">Molhado e seco<\/td>\n<\/tr>\n<tr class=\"row-4\">\n\t<td class=\"column-1\">Modo de frenagem<\/td><td class=\"column-2\">Tambor mec\u00e2nico<\/td><td class=\"column-3\">Assy dos pneus.<\/td><td class=\"column-4\">FR 4.00-12; RR 4.00-16<\/td>\n<\/tr>\n<\/tbody>\n<\/table>\n<!-- #tablepress-8 from cache -->","protected":false},"excerpt":{"rendered":"<p>Instructions: (1) Before riding, check whether the battery box is locked and whether the lights on the display panel are normal. (2) When driving on a flooded road in rainy days, drive normally if the depth of the water does not exceed the center of the electric wheel. If the depth of the water on&#8230;<\/p>","protected":false},"featured_media":1284,"template":"","meta":{"nf_dc_page":"","_kadence_starter_templates_imported_post":false,"_kad_post_transparent":"default","_kad_post_title":"","_kad_post_layout":"default","_kad_post_sidebar_id":"","_kad_post_content_style":"default","_kad_post_vertical_padding":"default","_kad_post_feature":"","_kad_post_feature_position":"","_kad_post_header":false,"_kad_post_footer":false,"_kad_post_classname":""},"product_brand":[],"product_cat":[63],"product_tag":[60,68,65],"class_list":{"0":"post-746","1":"product","2":"type-product","3":"status-publish","4":"has-post-thumbnail","6":"product_cat-tricycle","7":"product_tag-electric-tricycle","8":"product_tag-heavy-tricycle","9":"product_tag-tricycle","11":"first","12":"instock","13":"shipping-taxable","14":"product-type-simple","15":"entry","16":"content-bg","17":"loop-entry"},"_links":{"self":[{"href":"https:\/\/imotors.cc\/pt\/wp-json\/wp\/v2\/product\/746","targetHints":{"allow":["GET"]}}],"collection":[{"href":"https:\/\/imotors.cc\/pt\/wp-json\/wp\/v2\/product"}],"about":[{"href":"https:\/\/imotors.cc\/pt\/wp-json\/wp\/v2\/types\/product"}],"wp:featuredmedia":[{"embeddable":true,"href":"https:\/\/imotors.cc\/pt\/wp-json\/wp\/v2\/media\/1284"}],"wp:attachment":[{"href":"https:\/\/imotors.cc\/pt\/wp-json\/wp\/v2\/media?parent=746"}],"wp:term":[{"taxonomy":"product_brand","embeddable":true,"href":"https:\/\/imotors.cc\/pt\/wp-json\/wp\/v2\/product_brand?post=746"},{"taxonomy":"product_cat","embeddable":true,"href":"https:\/\/imotors.cc\/pt\/wp-json\/wp\/v2\/product_cat?post=746"},{"taxonomy":"product_tag","embeddable":true,"href":"https:\/\/imotors.cc\/pt\/wp-json\/wp\/v2\/product_tag?post=746"}],"curies":[{"name":"wp","href":"https:\/\/api.w.org\/{rel}","templated":true}]}}