{"id":510,"date":"2024-10-27T12:29:37","date_gmt":"2024-10-27T04:29:37","guid":{"rendered":"https:\/\/imotors.cc\/?post_type=product&#038;p=510"},"modified":"2024-10-27T12:38:56","modified_gmt":"2024-10-27T04:38:56","slug":"body-covers-for-various-vehicles","status":"publish","type":"product","link":"https:\/\/imotors.cc\/pt\/produto\/body-covers-for-various-vehicles\/","title":{"rendered":"Tampas corporais para v\u00e1rios ve\u00edculos"},"content":{"rendered":"<p>Categoria: scooter movido a combust\u00edvel<br \/>\nModelo \uff1a Especifica\u00e7\u00f5es OE<br \/>\nCor \uff1a Varios<br \/>\nMarca: JC<br \/>\nAplicativo:     Honda Click\/Vario 125i,150i<\/p>","protected":false},"excerpt":{"rendered":"<p>Conjuntos de cobertura corporal ABS, substitui\u00e7\u00e3o de OE<\/p>","protected":false},"featured_media":511,"template":"","meta":{"nf_dc_page":"","_kadence_starter_templates_imported_post":false,"_kad_post_transparent":"default","_kad_post_title":"","_kad_post_layout":"default","_kad_post_sidebar_id":"","_kad_post_content_style":"default","_kad_post_vertical_padding":"default","_kad_post_feature":"","_kad_post_feature_position":"","_kad_post_header":false,"_kad_post_footer":false,"_kad_post_classname":""},"product_brand":[],"product_cat":[57],"product_tag":[],"class_list":{"0":"post-510","1":"product","2":"type-product","3":"status-publish","4":"has-post-thumbnail","6":"product_cat-spare-parts","8":"first","9":"instock","10":"shipping-taxable","11":"product-type-simple","12":"entry","13":"content-bg","14":"loop-entry"},"_links":{"self":[{"href":"https:\/\/imotors.cc\/pt\/wp-json\/wp\/v2\/product\/510","targetHints":{"allow":["GET"]}}],"collection":[{"href":"https:\/\/imotors.cc\/pt\/wp-json\/wp\/v2\/product"}],"about":[{"href":"https:\/\/imotors.cc\/pt\/wp-json\/wp\/v2\/types\/product"}],"wp:featuredmedia":[{"embeddable":true,"href":"https:\/\/imotors.cc\/pt\/wp-json\/wp\/v2\/media\/511"}],"wp:attachment":[{"href":"https:\/\/imotors.cc\/pt\/wp-json\/wp\/v2\/media?parent=510"}],"wp:term":[{"taxonomy":"product_brand","embeddable":true,"href":"https:\/\/imotors.cc\/pt\/wp-json\/wp\/v2\/product_brand?post=510"},{"taxonomy":"product_cat","embeddable":true,"href":"https:\/\/imotors.cc\/pt\/wp-json\/wp\/v2\/product_cat?post=510"},{"taxonomy":"product_tag","embeddable":true,"href":"https:\/\/imotors.cc\/pt\/wp-json\/wp\/v2\/product_tag?post=510"}],"curies":[{"name":"wp","href":"https:\/\/api.w.org\/{rel}","templated":true}]}}