{"id":189,"date":"2024-10-17T14:39:52","date_gmt":"2024-10-17T06:39:52","guid":{"rendered":"https:\/\/imotors.cc\/?page_id=189"},"modified":"2024-11-23T14:23:08","modified_gmt":"2024-11-23T06:23:08","slug":"about","status":"publish","type":"page","link":"https:\/\/imotors.cc\/pt\/about\/","title":{"rendered":"Sobre"},"content":{"rendered":"<div data-elementor-type=\"wp-page\" data-elementor-id=\"189\" class=\"elementor elementor-189\">\n\t\t\t\t<div class=\"elementor-element elementor-element-c227114 e-flex e-con-boxed e-con e-parent\" data-id=\"c227114\" data-element_type=\"container\" data-e-type=\"container\" data-settings=\"{&quot;background_background&quot;:&quot;classic&quot;}\">\n\t\t\t\t\t<div class=\"e-con-inner\">\n\t\t\t\t<div class=\"elementor-element elementor-element-9f11959 elementor-widget elementor-widget-heading\" data-id=\"9f11959\" data-element_type=\"widget\" data-e-type=\"widget\" data-widget_type=\"heading.default\">\n\t\t\t\t\t<h2 class=\"elementor-heading-title elementor-size-default\">About Us<\/h2>\t\t\t\t<\/div>\n\t\t\t\t\t<\/div>\n\t\t\t\t<\/div>\n\t\t<div class=\"elementor-element elementor-element-d86d2eb e-con-full e-flex e-con e-parent\" data-id=\"d86d2eb\" data-element_type=\"container\" data-e-type=\"container\" data-settings=\"{&quot;background_background&quot;:&quot;classic&quot;}\">\n\t\t\t\t<div class=\"elementor-element elementor-element-486b639 elementor-widget elementor-widget-shortcode\" data-id=\"486b639\" data-element_type=\"widget\" data-e-type=\"widget\" data-widget_type=\"shortcode.default\">\n\t\t\t\t\t\t\t<div class=\"elementor-shortcode\"> Home\u00bbAbout us\n<\/div>\n\t\t\t\t\t\t<\/div>\n\t\t\t\t<\/div>\n\t\t<div class=\"elementor-element elementor-element-f5d61ea e-flex e-con-boxed e-con e-parent\" data-id=\"f5d61ea\" data-element_type=\"container\" data-e-type=\"container\">\n\t\t\t\t\t<div class=\"e-con-inner\">\n\t\t\t\t<div class=\"elementor-element elementor-element-3d9985b elementor-widget-divider--view-line elementor-widget elementor-widget-divider\" data-id=\"3d9985b\" data-element_type=\"widget\" data-e-type=\"widget\" data-widget_type=\"divider.default\">\n\t\t\t\t\t\t\t<div class=\"elementor-divider\">\n\t\t\t<span class=\"elementor-divider-separator\">\n\t\t\t\t\t\t<\/span>\n\t\t<\/div>\n\t\t\t\t\t\t<\/div>\n\t\t\t\t<div class=\"elementor-element elementor-element-701df91 elementor-widget elementor-widget-heading\" data-id=\"701df91\" data-element_type=\"widget\" data-e-type=\"widget\" data-widget_type=\"heading.default\">\n\t\t\t\t\t<h2 class=\"elementor-heading-title elementor-size-default\">Um fabricante inovador<\/h2>\t\t\t\t<\/div>\n\t\t\t\t<div class=\"elementor-element elementor-element-b13f525 elementor-widget elementor-widget-text-editor\" data-id=\"b13f525\" data-element_type=\"widget\" data-e-type=\"widget\" data-widget_type=\"text-editor.default\">\n\t\t\t\t\t\t\t\t\t<p>Os fundadores da empresa est\u00e3o na vanguarda do triciclo el\u00e9trico, motocicleta el\u00e9trica, caminh\u00e3o el\u00e9trico, mini carro el\u00e9trico e ind\u00fastrias de ve\u00edculos alimentados por quase 10 anos. Em resposta \u00e0 tend\u00eancia de ve\u00edculos motorizados, estamos envolvidos no desenvolvimento, design e investimento em v\u00e1rios modelos - como voc\u00ea pode ver nas p\u00e1ginas do produto - e a lista continua.<\/p><p>Queremos que voc\u00ea experimente a conveni\u00eancia, limpeza, economia de energia e efici\u00eancia da eletrifica\u00e7\u00e3o. Conhe\u00e7a-nos e comece seu passeio orientado para o futuro.<\/p><p>A empresa estabeleceu tr\u00eas bases de produ\u00e7\u00e3o do ponto de vista da cadeia industrial. Nossos produtos s\u00e3o principalmente ve\u00edculos motorizados el\u00e9tricos, mas tamb\u00e9m alguns excelentes estilos de ve\u00edculos motorizados de combust\u00edvel. Organizar nossa linha de produtos de acordo com suas necessidades \u00e9 a nossa principal considera\u00e7\u00e3o.<\/p><p>Temos uma equipe de servi\u00e7o de P&amp;D, produ\u00e7\u00e3o, vendas e p\u00f3s-venda e eficiente e orientada para o cliente. Qualquer uma de suas vozes ser\u00e1 ouvida e receber\u00e1 feedback.<\/p><p>Quando se trata de pre\u00e7os de produtos, aderimos ao princ\u00edpio das margens finas e da situa\u00e7\u00e3o em que todos saem ganhando. Certamente cumpriremos suas necessidades em nossa capacidade.<\/p><p>Entre em contato conosco agora!<\/p>\t\t\t\t\t\t\t\t<\/div>\n\t\t\t\t<div class=\"elementor-element elementor-element-708032f elementor-align-center elementor-widget elementor-widget-button\" data-id=\"708032f\" data-element_type=\"widget\" data-e-type=\"widget\" data-widget_type=\"button.default\">\n\t\t\t\t\t\t\t\t\t\t<a class=\"elementor-button elementor-button-link elementor-size-sm\" href=\"https:\/\/imotors.cc\/pt\/contact\/?customize_changeset_uuid=8a2260ed-600c-49fd-b38a-79afdd7358c2&#038;customize_messenger_channel=preview-0\">\n\t\t\t\t\t\t<span class=\"elementor-button-content-wrapper\">\n\t\t\t\t\t\t<span class=\"elementor-button-icon\">\n\t\t\t\t<svg aria-hidden=\"true\" class=\"e-font-icon-svg e-far-arrow-alt-circle-right\" viewbox=\"0 0 512 512\" xmlns=\"http:\/\/www.w3.org\/2000\/svg\"><path d=\"M504 256C504 119 393 8 256 8S8 119 8 256s111 248 248 248 248-111 248-248zm-448 0c0-110.5 89.5-200 200-200s200 89.5 200 200-89.5 200-200 200S56 366.5 56 256zm72 20v-40c0-6.6 5.4-12 12-12h116v-67c0-10.7 12.9-16 20.5-8.5l99 99c4.7 4.7 4.7 12.3 0 17l-99 99c-7.6 7.6-20.5 2.2-20.5-8.5v-67H140c-6.6 0-12-5.4-12-12z\"><\/path><\/svg>\t\t\t<\/span>\n\t\t\t\t\t\t\t\t\t<span class=\"elementor-button-text\">Solicite uma cota\u00e7\u00e3o<\/span>\n\t\t\t\t\t<\/span>\n\t\t\t\t\t<\/a>\n\t\t\t\t\t\t\t\t<\/div>\n\t\t\t\t\t<\/div>\n\t\t\t\t<\/div>\n\t\t<div class=\"elementor-element elementor-element-5dc6ed4 e-flex e-con-boxed e-con e-parent\" data-id=\"5dc6ed4\" data-element_type=\"container\" data-e-type=\"container\">\n\t\t\t\t\t<div class=\"e-con-inner\">\n\t\t\t\t<div class=\"elementor-element elementor-element-a08f006 elementor-widget elementor-widget-image\" data-id=\"a08f006\" data-element_type=\"widget\" data-e-type=\"widget\" data-widget_type=\"image.default\">\n\t\t\t\t\t\t\t\t\t\t\t\t\t\t\t<img fetchpriority=\"high\" decoding=\"async\" width=\"1024\" height=\"618\" src=\"https:\/\/imotors.cc\/wp-content\/uploads\/2024\/11\/About-Us-1024x618.jpg\" class=\"attachment-large size-large wp-image-1182\" alt=\"electric scooter\" srcset=\"https:\/\/imotors.cc\/wp-content\/uploads\/2024\/11\/About-Us-1024x618.jpg 1024w, https:\/\/imotors.cc\/wp-content\/uploads\/2024\/11\/About-Us-300x181.jpg 300w, https:\/\/imotors.cc\/wp-content\/uploads\/2024\/11\/About-Us-768x464.jpg 768w, https:\/\/imotors.cc\/wp-content\/uploads\/2024\/11\/About-Us-1536x927.jpg 1536w, https:\/\/imotors.cc\/wp-content\/uploads\/2024\/11\/About-Us-600x362.jpg 600w, https:\/\/imotors.cc\/wp-content\/uploads\/2024\/11\/About-Us.jpg 1789w\" sizes=\"(max-width: 1024px) 100vw, 1024px\" \/>\t\t\t\t\t\t\t\t\t\t\t\t\t\t\t<\/div>\n\t\t\t\t\t<\/div>\n\t\t\t\t<\/div>\n\t\t<div class=\"elementor-element elementor-element-bdf6d61 e-flex e-con-boxed e-con e-parent\" data-id=\"bdf6d61\" data-element_type=\"container\" data-e-type=\"container\">\n\t\t\t\t\t<div class=\"e-con-inner\">\n\t\t<div class=\"elementor-element elementor-element-ea82f5f e-con-full e-flex e-con e-child\" data-id=\"ea82f5f\" data-element_type=\"container\" data-e-type=\"container\">\n\t\t\t\t<div class=\"elementor-element elementor-element-9dcebfa elementor-invisible elementor-widget elementor-widget-image\" data-id=\"9dcebfa\" data-element_type=\"widget\" data-e-type=\"widget\" data-settings=\"{&quot;_animation&quot;:&quot;fadeInDown&quot;}\" data-widget_type=\"image.default\">\n\t\t\t\t\t\t\t\t\t\t\t\t\t\t\t<img decoding=\"async\" width=\"1024\" height=\"476\" src=\"https:\/\/imotors.cc\/wp-content\/uploads\/2024\/11\/\u5c4f\u5e55\u622a\u56fe2024.11.18_18.49.17-1024x476.png\" class=\"attachment-large size-large wp-image-1353\" alt=\"factory area\" srcset=\"https:\/\/imotors.cc\/wp-content\/uploads\/2024\/11\/\u5c4f\u5e55\u622a\u56fe2024.11.18_18.49.17-1024x476.png 1024w, https:\/\/imotors.cc\/wp-content\/uploads\/2024\/11\/\u5c4f\u5e55\u622a\u56fe2024.11.18_18.49.17-300x139.png 300w, https:\/\/imotors.cc\/wp-content\/uploads\/2024\/11\/\u5c4f\u5e55\u622a\u56fe2024.11.18_18.49.17-768x357.png 768w, https:\/\/imotors.cc\/wp-content\/uploads\/2024\/11\/\u5c4f\u5e55\u622a\u56fe2024.11.18_18.49.17-1536x713.png 1536w, https:\/\/imotors.cc\/wp-content\/uploads\/2024\/11\/\u5c4f\u5e55\u622a\u56fe2024.11.18_18.49.17-1320x613.png 1320w, https:\/\/imotors.cc\/wp-content\/uploads\/2024\/11\/\u5c4f\u5e55\u622a\u56fe2024.11.18_18.49.17-600x279.png 600w, https:\/\/imotors.cc\/wp-content\/uploads\/2024\/11\/\u5c4f\u5e55\u622a\u56fe2024.11.18_18.49.17.png 1899w\" sizes=\"(max-width: 1024px) 100vw, 1024px\" \/>\t\t\t\t\t\t\t\t\t\t\t\t\t\t\t<\/div>\n\t\t\t\t<\/div>\n\t\t<div class=\"elementor-element elementor-element-706a7e2 e-con-full e-flex e-con e-child\" data-id=\"706a7e2\" data-element_type=\"container\" data-e-type=\"container\">\n\t\t\t\t<div class=\"elementor-element elementor-element-1ababe5 elementor-invisible elementor-widget elementor-widget-image\" data-id=\"1ababe5\" data-element_type=\"widget\" data-e-type=\"widget\" data-settings=\"{&quot;_animation&quot;:&quot;fadeInDown&quot;}\" data-widget_type=\"image.default\">\n\t\t\t\t\t\t\t\t\t\t\t\t\t\t\t<img decoding=\"async\" width=\"1024\" height=\"476\" src=\"https:\/\/imotors.cc\/wp-content\/uploads\/2024\/11\/bae7fb2c-1024x476.jpg\" class=\"attachment-large size-large wp-image-1357\" alt=\"workshop\" srcset=\"https:\/\/imotors.cc\/wp-content\/uploads\/2024\/11\/bae7fb2c-1024x476.jpg 1024w, https:\/\/imotors.cc\/wp-content\/uploads\/2024\/11\/bae7fb2c-300x139.jpg 300w, https:\/\/imotors.cc\/wp-content\/uploads\/2024\/11\/bae7fb2c-768x357.jpg 768w, https:\/\/imotors.cc\/wp-content\/uploads\/2024\/11\/bae7fb2c-1536x713.jpg 1536w, https:\/\/imotors.cc\/wp-content\/uploads\/2024\/11\/bae7fb2c-1320x613.jpg 1320w, https:\/\/imotors.cc\/wp-content\/uploads\/2024\/11\/bae7fb2c-600x279.jpg 600w, https:\/\/imotors.cc\/wp-content\/uploads\/2024\/11\/bae7fb2c.jpg 1899w\" sizes=\"(max-width: 1024px) 100vw, 1024px\" \/>\t\t\t\t\t\t\t\t\t\t\t\t\t\t\t<\/div>\n\t\t\t\t<\/div>\n\t\t<div class=\"elementor-element elementor-element-4825183 e-con-full e-flex e-con e-child\" data-id=\"4825183\" data-element_type=\"container\" data-e-type=\"container\">\n\t\t\t\t<div class=\"elementor-element elementor-element-ba2bb7f elementor-invisible elementor-widget elementor-widget-image\" data-id=\"ba2bb7f\" data-element_type=\"widget\" data-e-type=\"widget\" data-settings=\"{&quot;_animation&quot;:&quot;fadeInDown&quot;}\" data-widget_type=\"image.default\">\n\t\t\t\t\t\t\t\t\t\t\t\t\t\t\t<img loading=\"lazy\" decoding=\"async\" width=\"1024\" height=\"479\" src=\"https:\/\/imotors.cc\/wp-content\/uploads\/2024\/11\/1-2-1024x479.png\" class=\"attachment-large size-large wp-image-1358\" alt=\"workshop\" srcset=\"https:\/\/imotors.cc\/wp-content\/uploads\/2024\/11\/1-2-1024x479.png 1024w, https:\/\/imotors.cc\/wp-content\/uploads\/2024\/11\/1-2-300x140.png 300w, https:\/\/imotors.cc\/wp-content\/uploads\/2024\/11\/1-2-768x359.png 768w, https:\/\/imotors.cc\/wp-content\/uploads\/2024\/11\/1-2-1320x618.png 1320w, https:\/\/imotors.cc\/wp-content\/uploads\/2024\/11\/1-2-600x281.png 600w, https:\/\/imotors.cc\/wp-content\/uploads\/2024\/11\/1-2.png 1372w\" sizes=\"(max-width: 1024px) 100vw, 1024px\" \/>\t\t\t\t\t\t\t\t\t\t\t\t\t\t\t<\/div>\n\t\t\t\t<\/div>\n\t\t\t\t\t<\/div>\n\t\t\t\t<\/div>\n\t\t<div class=\"elementor-element elementor-element-31d1bfc e-flex e-con-boxed e-con e-parent\" data-id=\"31d1bfc\" data-element_type=\"container\" data-e-type=\"container\">\n\t\t\t\t\t<div class=\"e-con-inner\">\n\t\t<div class=\"elementor-element elementor-element-c2551b0 e-con-full e-flex e-con e-child\" data-id=\"c2551b0\" data-element_type=\"container\" data-e-type=\"container\">\n\t\t\t\t<div class=\"elementor-element elementor-element-dc3bc3c elementor-invisible elementor-widget elementor-widget-image\" data-id=\"dc3bc3c\" data-element_type=\"widget\" data-e-type=\"widget\" data-settings=\"{&quot;_animation&quot;:&quot;fadeInDown&quot;}\" data-widget_type=\"image.default\">\n\t\t\t\t\t\t\t\t\t\t\t\t\t\t\t<img loading=\"lazy\" decoding=\"async\" width=\"1024\" height=\"394\" src=\"https:\/\/imotors.cc\/wp-content\/uploads\/2024\/11\/1-1-1024x394.png\" class=\"attachment-large size-large wp-image-1359\" alt=\"\" srcset=\"https:\/\/imotors.cc\/wp-content\/uploads\/2024\/11\/1-1-1024x394.png 1024w, https:\/\/imotors.cc\/wp-content\/uploads\/2024\/11\/1-1-300x115.png 300w, https:\/\/imotors.cc\/wp-content\/uploads\/2024\/11\/1-1-768x295.png 768w, https:\/\/imotors.cc\/wp-content\/uploads\/2024\/11\/1-1-1536x590.png 1536w, https:\/\/imotors.cc\/wp-content\/uploads\/2024\/11\/1-1-1320x507.png 1320w, https:\/\/imotors.cc\/wp-content\/uploads\/2024\/11\/1-1-600x231.png 600w, https:\/\/imotors.cc\/wp-content\/uploads\/2024\/11\/1-1.png 1899w\" sizes=\"(max-width: 1024px) 100vw, 1024px\" \/>\t\t\t\t\t\t\t\t\t\t\t\t\t\t\t<\/div>\n\t\t\t\t<\/div>\n\t\t<div class=\"elementor-element elementor-element-43f5dac e-con-full e-flex e-con e-child\" data-id=\"43f5dac\" data-element_type=\"container\" data-e-type=\"container\">\n\t\t\t\t<div class=\"elementor-element elementor-element-ac1c1db elementor-invisible elementor-widget elementor-widget-image\" data-id=\"ac1c1db\" data-element_type=\"widget\" data-e-type=\"widget\" data-settings=\"{&quot;_animation&quot;:&quot;fadeInDown&quot;}\" data-widget_type=\"image.default\">\n\t\t\t\t\t\t\t\t\t\t\t\t\t\t\t<img loading=\"lazy\" decoding=\"async\" width=\"1024\" height=\"399\" src=\"https:\/\/imotors.cc\/wp-content\/uploads\/2024\/11\/1-4-1024x399.png\" class=\"attachment-large size-large wp-image-1360\" alt=\"\" srcset=\"https:\/\/imotors.cc\/wp-content\/uploads\/2024\/11\/1-4-1024x399.png 1024w, https:\/\/imotors.cc\/wp-content\/uploads\/2024\/11\/1-4-300x117.png 300w, https:\/\/imotors.cc\/wp-content\/uploads\/2024\/11\/1-4-768x299.png 768w, https:\/\/imotors.cc\/wp-content\/uploads\/2024\/11\/1-4-1536x598.png 1536w, https:\/\/imotors.cc\/wp-content\/uploads\/2024\/11\/1-4-1320x514.png 1320w, https:\/\/imotors.cc\/wp-content\/uploads\/2024\/11\/1-4-600x234.png 600w, https:\/\/imotors.cc\/wp-content\/uploads\/2024\/11\/1-4.png 1886w\" sizes=\"(max-width: 1024px) 100vw, 1024px\" \/>\t\t\t\t\t\t\t\t\t\t\t\t\t\t\t<\/div>\n\t\t\t\t<\/div>\n\t\t<div class=\"elementor-element elementor-element-e6a3322 e-con-full e-flex e-con e-child\" data-id=\"e6a3322\" data-element_type=\"container\" data-e-type=\"container\">\n\t\t\t\t<div class=\"elementor-element elementor-element-79e2191 elementor-invisible elementor-widget elementor-widget-image\" data-id=\"79e2191\" data-element_type=\"widget\" data-e-type=\"widget\" data-settings=\"{&quot;_animation&quot;:&quot;fadeInDown&quot;}\" data-widget_type=\"image.default\">\n\t\t\t\t\t\t\t\t\t\t\t\t\t\t\t<img loading=\"lazy\" decoding=\"async\" width=\"1024\" height=\"394\" src=\"https:\/\/imotors.cc\/wp-content\/uploads\/2024\/11\/1-1-1024x394.jpg\" class=\"attachment-large size-large wp-image-1362\" alt=\"\" srcset=\"https:\/\/imotors.cc\/wp-content\/uploads\/2024\/11\/1-1-1024x394.jpg 1024w, https:\/\/imotors.cc\/wp-content\/uploads\/2024\/11\/1-1-300x115.jpg 300w, https:\/\/imotors.cc\/wp-content\/uploads\/2024\/11\/1-1-768x295.jpg 768w, https:\/\/imotors.cc\/wp-content\/uploads\/2024\/11\/1-1-1536x590.jpg 1536w, https:\/\/imotors.cc\/wp-content\/uploads\/2024\/11\/1-1-1320x507.jpg 1320w, https:\/\/imotors.cc\/wp-content\/uploads\/2024\/11\/1-1-600x231.jpg 600w, https:\/\/imotors.cc\/wp-content\/uploads\/2024\/11\/1-1.jpg 1899w\" sizes=\"(max-width: 1024px) 100vw, 1024px\" \/>\t\t\t\t\t\t\t\t\t\t\t\t\t\t\t<\/div>\n\t\t\t\t<\/div>\n\t\t\t\t\t<\/div>\n\t\t\t\t<\/div>\n\t\t<div class=\"elementor-element elementor-element-ef5d1db e-flex e-con-boxed e-con e-parent\" data-id=\"ef5d1db\" data-element_type=\"container\" data-e-type=\"container\">\n\t\t\t\t\t<div class=\"e-con-inner\">\n\t\t<div class=\"elementor-element elementor-element-30e954e e-con-full e-flex e-con e-child\" data-id=\"30e954e\" data-element_type=\"container\" data-e-type=\"container\">\n\t\t\t\t<div class=\"elementor-element elementor-element-90f7d95 elementor-invisible elementor-widget elementor-widget-image\" data-id=\"90f7d95\" data-element_type=\"widget\" data-e-type=\"widget\" data-settings=\"{&quot;_animation&quot;:&quot;fadeInDown&quot;}\" data-widget_type=\"image.default\">\n\t\t\t\t\t\t\t\t\t\t\t\t\t\t\t<img loading=\"lazy\" decoding=\"async\" width=\"800\" height=\"451\" src=\"https:\/\/imotors.cc\/wp-content\/uploads\/2024\/11\/package-1.jpg\" class=\"attachment-large size-large wp-image-1396\" alt=\"packing\" srcset=\"https:\/\/imotors.cc\/wp-content\/uploads\/2024\/11\/package-1.jpg 800w, https:\/\/imotors.cc\/wp-content\/uploads\/2024\/11\/package-1-300x169.jpg 300w, https:\/\/imotors.cc\/wp-content\/uploads\/2024\/11\/package-1-768x433.jpg 768w, https:\/\/imotors.cc\/wp-content\/uploads\/2024\/11\/package-1-18x10.jpg 18w, https:\/\/imotors.cc\/wp-content\/uploads\/2024\/11\/package-1-600x338.jpg 600w\" sizes=\"(max-width: 800px) 100vw, 800px\" \/>\t\t\t\t\t\t\t\t\t\t\t\t\t\t\t<\/div>\n\t\t\t\t<\/div>\n\t\t<div class=\"elementor-element elementor-element-3b47b0c e-con-full e-flex e-con e-child\" data-id=\"3b47b0c\" data-element_type=\"container\" data-e-type=\"container\">\n\t\t\t\t<div class=\"elementor-element elementor-element-9b138be elementor-invisible elementor-widget elementor-widget-image\" data-id=\"9b138be\" data-element_type=\"widget\" data-e-type=\"widget\" data-settings=\"{&quot;_animation&quot;:&quot;fadeInDown&quot;}\" data-widget_type=\"image.default\">\n\t\t\t\t\t\t\t\t\t\t\t\t\t\t\t<img loading=\"lazy\" decoding=\"async\" width=\"1000\" height=\"500\" src=\"https:\/\/imotors.cc\/wp-content\/uploads\/2024\/11\/packing-1-1.jpg\" class=\"attachment-large size-large wp-image-1403\" alt=\"loading\" srcset=\"https:\/\/imotors.cc\/wp-content\/uploads\/2024\/11\/packing-1-1.jpg 1000w, https:\/\/imotors.cc\/wp-content\/uploads\/2024\/11\/packing-1-1-300x150.jpg 300w, https:\/\/imotors.cc\/wp-content\/uploads\/2024\/11\/packing-1-1-768x384.jpg 768w, https:\/\/imotors.cc\/wp-content\/uploads\/2024\/11\/packing-1-1-18x9.jpg 18w, https:\/\/imotors.cc\/wp-content\/uploads\/2024\/11\/packing-1-1-600x300.jpg 600w\" sizes=\"(max-width: 1000px) 100vw, 1000px\" \/>\t\t\t\t\t\t\t\t\t\t\t\t\t\t\t<\/div>\n\t\t\t\t<\/div>\n\t\t<div class=\"elementor-element elementor-element-e38fcc7 e-con-full e-flex e-con e-child\" data-id=\"e38fcc7\" data-element_type=\"container\" data-e-type=\"container\">\n\t\t\t\t<div class=\"elementor-element elementor-element-28ebfda elementor-invisible elementor-widget elementor-widget-image\" data-id=\"28ebfda\" data-element_type=\"widget\" data-e-type=\"widget\" data-settings=\"{&quot;_animation&quot;:&quot;fadeInDown&quot;}\" data-widget_type=\"image.default\">\n\t\t\t\t\t\t\t\t\t\t\t\t\t\t\t<img loading=\"lazy\" decoding=\"async\" width=\"1024\" height=\"461\" src=\"https:\/\/imotors.cc\/wp-content\/uploads\/2024\/11\/packing-2-1024x461.jpg\" class=\"attachment-large size-large wp-image-1399\" alt=\"loading container\" srcset=\"https:\/\/imotors.cc\/wp-content\/uploads\/2024\/11\/packing-2-1024x461.jpg 1024w, https:\/\/imotors.cc\/wp-content\/uploads\/2024\/11\/packing-2-300x135.jpg 300w, https:\/\/imotors.cc\/wp-content\/uploads\/2024\/11\/packing-2-768x346.jpg 768w, https:\/\/imotors.cc\/wp-content\/uploads\/2024\/11\/packing-2-1536x691.jpg 1536w, https:\/\/imotors.cc\/wp-content\/uploads\/2024\/11\/packing-2-18x8.jpg 18w, https:\/\/imotors.cc\/wp-content\/uploads\/2024\/11\/packing-2-1320x594.jpg 1320w, https:\/\/imotors.cc\/wp-content\/uploads\/2024\/11\/packing-2-600x270.jpg 600w, https:\/\/imotors.cc\/wp-content\/uploads\/2024\/11\/packing-2.jpg 1920w\" sizes=\"(max-width: 1024px) 100vw, 1024px\" \/>\t\t\t\t\t\t\t\t\t\t\t\t\t\t\t<\/div>\n\t\t\t\t<\/div>\n\t\t\t\t\t<\/div>\n\t\t\t\t<\/div>\n\t\t\t\t<\/div>","protected":false},"excerpt":{"rendered":"<p>About Us Home\u00bbAbout us An Innovatative Manufacturer The founders of the company have been at the forefront of the electric tricycle, electric motorcycle, electric truck, electric mini car, and fueled vehicle industries for nearly 10 years. In response to the trend of motorized vehicles, we have been engaged in developing, designing, and investing in a&#8230;<\/p>","protected":false},"author":1,"featured_media":0,"parent":0,"menu_order":2,"comment_status":"closed","ping_status":"closed","template":"","meta":{"nf_dc_page":"","_kadence_starter_templates_imported_post":false,"_kad_post_transparent":"default","_kad_post_title":"hide","_kad_post_layout":"fullwidth","_kad_post_sidebar_id":"","_kad_post_content_style":"unboxed","_kad_post_vertical_padding":"hide","_kad_post_feature":"hide","_kad_post_feature_position":"","_kad_post_header":false,"_kad_post_footer":false,"_kad_post_classname":"","footnotes":""},"class_list":["post-189","page","type-page","status-publish","hentry"],"rttpg_featured_image_url":null,"rttpg_author":{"display_name":"JC MOTOR","author_link":"https:\/\/imotors.cc\/pt\/author\/13709886048\/"},"rttpg_comment":0,"rttpg_category":null,"rttpg_excerpt":"About Us Home\u00bbAbout us An Innovatative Manufacturer The founders of the company have been at the forefront of the electric tricycle, electric motorcycle, electric truck, electric mini car, and fueled vehicle industries for nearly 10 years. In response to the trend of motorized vehicles, we have been engaged in developing, designing, and investing in a...","_links":{"self":[{"href":"https:\/\/imotors.cc\/pt\/wp-json\/wp\/v2\/pages\/189","targetHints":{"allow":["GET"]}}],"collection":[{"href":"https:\/\/imotors.cc\/pt\/wp-json\/wp\/v2\/pages"}],"about":[{"href":"https:\/\/imotors.cc\/pt\/wp-json\/wp\/v2\/types\/page"}],"author":[{"embeddable":true,"href":"https:\/\/imotors.cc\/pt\/wp-json\/wp\/v2\/users\/1"}],"replies":[{"embeddable":true,"href":"https:\/\/imotors.cc\/pt\/wp-json\/wp\/v2\/comments?post=189"}],"version-history":[{"count":20,"href":"https:\/\/imotors.cc\/pt\/wp-json\/wp\/v2\/pages\/189\/revisions"}],"predecessor-version":[{"id":1409,"href":"https:\/\/imotors.cc\/pt\/wp-json\/wp\/v2\/pages\/189\/revisions\/1409"}],"wp:attachment":[{"href":"https:\/\/imotors.cc\/pt\/wp-json\/wp\/v2\/media?parent=189"}],"curies":[{"name":"wp","href":"https:\/\/api.w.org\/{rel}","templated":true}]}}